{"id":481,"date":"2015-11-25T16:52:48","date_gmt":"2015-11-25T15:52:48","guid":{"rendered":"http:\/\/www.galettinteriors.com\/de\/?page_id=481"},"modified":"2020-12-30T10:37:40","modified_gmt":"2020-12-30T09:37:40","slug":"consulenza-progettazione-arredamento-bolzano-bz-alto-adige","status":"publish","type":"page","link":"https:\/\/www.galettinteriors.com\/de\/consulenza-progettazione-arredamento-bolzano-bz-alto-adige","title":{"rendered":"Dienlistungen"},"content":{"rendered":"<p>Wenn wir ein Produkt f\u00fcr den Verkauf in unserem Gesch\u00e4ft ausw\u00e4hlen, bringen wir unsere ganze Erfahrung ein und w\u00e4hlen nur das Beste aus.<\/p>\n<p>Die Auswahl eines Produkts beginnt mit der \u00dcberpr\u00fcfung des Designs und der Produktionsprozesse.<\/p>\n<p>Eine technische Bewertung, auch komplex, die wir dank unserer langj\u00e4hrigen Erfahrung in der Herstellung von M\u00f6beln vornehmen k\u00f6nnen.<\/p>\n<p>So haben wir gelernt, jedem technischen Detail die n\u00f6tige Aufmerksamkeit zu schenken: von den Profilen \u00fcber die Mechanik bis hin zu den Strukturen und Oberfl\u00e4chen: wesentliche Aspekte, um die Qualit\u00e4t und Funktionalit\u00e4t eines M\u00f6belst\u00fccks zu verstehen.<\/p>\n<p>Eigenschaften, die wir privilegieren wollen, um unseren Kunden M\u00f6bel erster Wahl anbieten zu k\u00f6nnen, bei denen \u00c4sthetik mit Praktikabilit\u00e4t und Widerstandsf\u00e4higkeit kombiniert wird.<\/p>\n<p>Galetti Interiors ist nicht nur eine der vielen Verkaufsstellen, sondern die Garantie f\u00fcr Qualit\u00e4t und Service, die nur ein gesch\u00e4tzter Name geben kann.<\/p>\n<p>&nbsp;<\/p>\n<h2><strong>Unser Angebot<\/strong><\/h2>\n<p>Wer sich f\u00fcr Galetti Interiors entscheidet, verl\u00e4sst sich auf die Erfahrung, die wir im Laufe der Jahre gesammelt haben: Wir wollen ein zuverl\u00e4ssiger und sicherer Partner f\u00fcr unsere Kunden sein.<\/p>\n<p>Deshalb bieten wir in Bozen und ganz S\u00fcdtirol eine breite Palette von Dienstleistungen an:<\/p>\n<p>&nbsp;<\/p>\n<p style=\"text-align: center;\"><div class=\"fusion-fullwidth fullwidth-box fusion-builder-row-1 hundred-percent-fullwidth non-hundred-percent-height-scrolling\" style=\"--awb-border-radius-top-left:0px;--awb-border-radius-top-right:0px;--awb-border-radius-bottom-right:0px;--awb-border-radius-bottom-left:0px;--awb-overflow:visible;--awb-flex-wrap:wrap;\" ><div class=\"fusion-builder-row fusion-row\"><div class=\"fusion-layout-column fusion_builder_column fusion-builder-column-0 fusion_builder_column_1_4 1_4 fusion-one-fourth fusion-column-first\" style=\"--awb-bg-size:cover;width:22%; margin-right: 4%;\"><div class=\"fusion-column-wrapper fusion-flex-column-wrapper-legacy\">\n<p style=\"text-align: center;\"><img decoding=\"async\" class=\"alignnone size-full wp-image-818\" src=\"http:\/\/www.galettinteriors.com\/wp-content\/uploads\/consulenza-progettazione-arredamento-ristrutturazioni-bolzano-bz-alto-adige.jpg\" alt=\"consulenza-progettazione-arredamento-ristrutturazioni-bolzano-bz-alto-adige\" width=\"259\" height=\"126\" \/><\/p>\n<h2 style=\"text-align: center;\">Beratung<br \/>\nEntwurf<div class=\"fusion-clearfix\"><\/div><\/div><\/div><\/h2>\n<p style=\"text-align: center;\"><div class=\"fusion-layout-column fusion_builder_column fusion-builder-column-1 fusion_builder_column_1_4 1_4 fusion-one-fourth\" style=\"--awb-bg-size:cover;width:22%; margin-right: 4%;\"><div class=\"fusion-column-wrapper fusion-flex-column-wrapper-legacy\">\n<p>&nbsp;<\/p>\n<h2 style=\"text-align: center;\"><img decoding=\"async\" class=\"alignnone size-full wp-image-820\" src=\"http:\/\/www.galettinteriors.com\/wp-content\/uploads\/assistenza-alla-vendita-negozi-bolzano-bz-alto-adige.jpg\" alt=\"assistenza-alla-vendita-negozi-bolzano-bz-alto-adige\" width=\"259\" height=\"126\" \/><\/h2>\n<h2 style=\"text-align: center;\">Verkauf<br \/>\nAfter-Sales-Service<div class=\"fusion-clearfix\"><\/div><\/div><\/div><\/h2>\n<p style=\"text-align: center;\"><div class=\"fusion-layout-column fusion_builder_column fusion-builder-column-2 fusion_builder_column_1_4 1_4 fusion-one-fourth\" style=\"--awb-bg-size:cover;width:22%; margin-right: 4%;\"><div class=\"fusion-column-wrapper fusion-flex-column-wrapper-legacy\">\n<p>&nbsp;<\/p>\n<h2 style=\"text-align: center;\"><img decoding=\"async\" class=\"alignnone size-full wp-image-821\" src=\"http:\/\/www.galettinteriors.com\/wp-content\/uploads\/montaggio-mobili-arredamentobolzano-bz-alto-adige.jpg\" alt=\"montaggio-mobili-arredamentobolzano-bz-alto-adige\" width=\"259\" height=\"126\" \/><\/h2>\n<h2 style=\"text-align: center;\">Montage<div class=\"fusion-clearfix\"><\/div><\/div><\/div><\/h2>\n<p style=\"text-align: center;\"><div class=\"fusion-layout-column fusion_builder_column fusion-builder-column-3 fusion_builder_column_1_4 1_4 fusion-one-fourth fusion-column-last\" style=\"--awb-bg-position:left bottom;--awb-bg-size:cover;width:22%;\"><div class=\"fusion-column-wrapper fusion-flex-column-wrapper-legacy\">\n<p>&nbsp;<\/p>\n<h2 style=\"text-align: center;\"><img decoding=\"async\" class=\"alignnone size-full wp-image-849\" src=\"http:\/\/www.galettinteriors.com\/wp-content\/uploads\/finanziamento-per-arredamento-agevolazioni-consigli-bolzano-bz-alto-adige-1.jpg\" alt=\"finanziamento-per-arredamento-agevolazioni-consigli-bolzano-bz-alto-adige\" width=\"259\" height=\"126\" \/><\/h2>\n<h2 style=\"text-align: center;\">Finanzierung<div class=\"fusion-clearfix\"><\/div><\/div><\/div><\/h2>\n<p>Verkauf von M\u00f6beln, Beratung, Konzeption und Design von R\u00e4umen, sorgf\u00e4ltige Kontrolle der Messungen, p\u00fcnktliche Planung der Lieferung, genaue und pr\u00e4zise Montage nur von internen Mitarbeitern durchgef\u00fchrt, After-Sales-Service, um die vollst\u00e4ndige Zufriedenheit des Kunden, die auch nach vielen Jahren, wird nie das Gef\u00fchl, allein, f\u00fcr jede Information oder Notwendigkeit entsteht, werden wir immer zur Verf\u00fcgung finden Qualit\u00e4t und H\u00f6flichkeit.<\/p>\n<div class=\"fusion-layout-column fusion_builder_column fusion-builder-column-4 fusion_builder_column_1_1 1_1 fusion-one-full fusion-column-first fusion-column-last col-h\" style=\"--awb-bg-image:url(&#039;http:\/\/www.galettinteriors.com\/wp-content\/uploads\/vision-galetti-interiors-bolzano.png&#039;);--awb-bg-position:bottom left;--awb-bg-size:cover;\"><div class=\"fusion-column-wrapper fusion-flex-column-wrapper-legacy fusion-column-has-bg-image\" data-bg-url=\"http:\/\/www.galettinteriors.com\/wp-content\/uploads\/vision-galetti-interiors-bolzano.png\">\n<p>In den letzten Jahren haben wir ein internes Team gebildet, das eine ausgefeilte Arbeitsmethodik respektiert, die Ordnung und Pr\u00e4zision sicherstellt. Unsere Philosophie f\u00fchrt uns dazu, mit Sorgfalt zu arbeiten, wir wollen die Dinge auf eine handwerkliche Art und Weise erledigen.<\/p>\n<p>Unser Ziel ist es, dem Konzept eines M\u00f6belhauses durch die Vermarktung von hochwertigen Produkten Gestalt zu geben, um jedes Wohnumfeld zu verbessern, indem wir Qualit\u00e4t und Leistung gew\u00e4hrleisten und das Konzept von Funktionalit\u00e4t, Sch\u00f6nheit und Design neu definieren.<\/p>\n<div class=\"fusion-clearfix\"><\/div><\/div><\/div><\/div><\/div><\/p>\n","protected":false},"excerpt":{"rendered":"<p> [&hellip;]<\/p>\n","protected":false},"author":1,"featured_media":0,"parent":0,"menu_order":0,"comment_status":"closed","ping_status":"closed","template":"","meta":{"footnotes":""},"yoast_head":"<!-- This site is optimized with the Yoast SEO plugin v21.2 - https:\/\/yoast.com\/wordpress\/plugins\/seo\/ -->\n<title>Consulenza progettazione arredamento Bolzano BZ Alto Adige<\/title>\n<meta name=\"robots\" content=\"index, follow, max-snippet:-1, max-image-preview:large, max-video-preview:-1\" \/>\n<link rel=\"canonical\" href=\"https:\/\/www.galettinteriors.com\/de\/consulenza-progettazione-arredamento-bolzano-bz-alto-adige\" \/>\n<meta property=\"og:locale\" content=\"de_DE\" \/>\n<meta property=\"og:type\" content=\"article\" \/>\n<meta property=\"og:title\" content=\"Consulenza progettazione arredamento Bolzano BZ Alto Adige\" \/>\n<meta property=\"og:description\" content=\"[&hellip;]\" \/>\n<meta property=\"og:url\" content=\"https:\/\/www.galettinteriors.com\/de\/consulenza-progettazione-arredamento-bolzano-bz-alto-adige\" \/>\n<meta property=\"og:site_name\" content=\"Galetti arredamenti\" \/>\n<meta property=\"article:modified_time\" content=\"2020-12-30T09:37:40+00:00\" \/>\n<meta property=\"og:image\" content=\"http:\/\/www.galettinteriors.com\/wp-content\/uploads\/consulenza-progettazione-arredamento-ristrutturazioni-bolzano-bz-alto-adige.jpg\" \/>\n<meta name=\"twitter:card\" content=\"summary_large_image\" \/>\n<meta name=\"twitter:label1\" content=\"Gesch\u00e4tzte Lesezeit\" \/>\n\t<meta name=\"twitter:data1\" content=\"3\u00a0Minuten\" \/>\n<script type=\"application\/ld+json\" class=\"yoast-schema-graph\">{\"@context\":\"https:\/\/schema.org\",\"@graph\":[{\"@type\":\"WebPage\",\"@id\":\"https:\/\/www.galettinteriors.com\/de\/consulenza-progettazione-arredamento-bolzano-bz-alto-adige\",\"url\":\"https:\/\/www.galettinteriors.com\/de\/consulenza-progettazione-arredamento-bolzano-bz-alto-adige\",\"name\":\"Consulenza progettazione arredamento Bolzano BZ Alto Adige\",\"isPartOf\":{\"@id\":\"https:\/\/www.galettinteriors.com\/#website\"},\"datePublished\":\"2015-11-25T15:52:48+00:00\",\"dateModified\":\"2020-12-30T09:37:40+00:00\",\"breadcrumb\":{\"@id\":\"https:\/\/www.galettinteriors.com\/de\/consulenza-progettazione-arredamento-bolzano-bz-alto-adige#breadcrumb\"},\"inLanguage\":\"de\",\"potentialAction\":[{\"@type\":\"ReadAction\",\"target\":[\"https:\/\/www.galettinteriors.com\/de\/consulenza-progettazione-arredamento-bolzano-bz-alto-adige\"]}]},{\"@type\":\"BreadcrumbList\",\"@id\":\"https:\/\/www.galettinteriors.com\/de\/consulenza-progettazione-arredamento-bolzano-bz-alto-adige#breadcrumb\",\"itemListElement\":[{\"@type\":\"ListItem\",\"position\":1,\"name\":\"Home\",\"item\":\"https:\/\/www.galettinteriors.com\/de\/home\"},{\"@type\":\"ListItem\",\"position\":2,\"name\":\"Dienlistungen\"}]},{\"@type\":\"WebSite\",\"@id\":\"https:\/\/www.galettinteriors.com\/#website\",\"url\":\"https:\/\/www.galettinteriors.com\/\",\"name\":\"Galetti arredamenti\",\"description\":\"\",\"potentialAction\":[{\"@type\":\"SearchAction\",\"target\":{\"@type\":\"EntryPoint\",\"urlTemplate\":\"https:\/\/www.galettinteriors.com\/?s={search_term_string}\"},\"query-input\":\"required name=search_term_string\"}],\"inLanguage\":\"de\"}]}<\/script>\n<!-- \/ Yoast SEO plugin. -->","yoast_head_json":{"title":"Consulenza progettazione arredamento Bolzano BZ Alto Adige","robots":{"index":"index","follow":"follow","max-snippet":"max-snippet:-1","max-image-preview":"max-image-preview:large","max-video-preview":"max-video-preview:-1"},"canonical":"https:\/\/www.galettinteriors.com\/de\/consulenza-progettazione-arredamento-bolzano-bz-alto-adige","og_locale":"de_DE","og_type":"article","og_title":"Consulenza progettazione arredamento Bolzano BZ Alto Adige","og_description":"[&hellip;]","og_url":"https:\/\/www.galettinteriors.com\/de\/consulenza-progettazione-arredamento-bolzano-bz-alto-adige","og_site_name":"Galetti arredamenti","article_modified_time":"2020-12-30T09:37:40+00:00","og_image":[{"url":"http:\/\/www.galettinteriors.com\/wp-content\/uploads\/consulenza-progettazione-arredamento-ristrutturazioni-bolzano-bz-alto-adige.jpg"}],"twitter_card":"summary_large_image","twitter_misc":{"Gesch\u00e4tzte Lesezeit":"3\u00a0Minuten"},"schema":{"@context":"https:\/\/schema.org","@graph":[{"@type":"WebPage","@id":"https:\/\/www.galettinteriors.com\/de\/consulenza-progettazione-arredamento-bolzano-bz-alto-adige","url":"https:\/\/www.galettinteriors.com\/de\/consulenza-progettazione-arredamento-bolzano-bz-alto-adige","name":"Consulenza progettazione arredamento Bolzano BZ Alto Adige","isPartOf":{"@id":"https:\/\/www.galettinteriors.com\/#website"},"datePublished":"2015-11-25T15:52:48+00:00","dateModified":"2020-12-30T09:37:40+00:00","breadcrumb":{"@id":"https:\/\/www.galettinteriors.com\/de\/consulenza-progettazione-arredamento-bolzano-bz-alto-adige#breadcrumb"},"inLanguage":"de","potentialAction":[{"@type":"ReadAction","target":["https:\/\/www.galettinteriors.com\/de\/consulenza-progettazione-arredamento-bolzano-bz-alto-adige"]}]},{"@type":"BreadcrumbList","@id":"https:\/\/www.galettinteriors.com\/de\/consulenza-progettazione-arredamento-bolzano-bz-alto-adige#breadcrumb","itemListElement":[{"@type":"ListItem","position":1,"name":"Home","item":"https:\/\/www.galettinteriors.com\/de\/home"},{"@type":"ListItem","position":2,"name":"Dienlistungen"}]},{"@type":"WebSite","@id":"https:\/\/www.galettinteriors.com\/#website","url":"https:\/\/www.galettinteriors.com\/","name":"Galetti arredamenti","description":"","potentialAction":[{"@type":"SearchAction","target":{"@type":"EntryPoint","urlTemplate":"https:\/\/www.galettinteriors.com\/?s={search_term_string}"},"query-input":"required name=search_term_string"}],"inLanguage":"de"}]}},"_links":{"self":[{"href":"https:\/\/www.galettinteriors.com\/de\/wp-json\/wp\/v2\/pages\/481"}],"collection":[{"href":"https:\/\/www.galettinteriors.com\/de\/wp-json\/wp\/v2\/pages"}],"about":[{"href":"https:\/\/www.galettinteriors.com\/de\/wp-json\/wp\/v2\/types\/page"}],"author":[{"embeddable":true,"href":"https:\/\/www.galettinteriors.com\/de\/wp-json\/wp\/v2\/users\/1"}],"replies":[{"embeddable":true,"href":"https:\/\/www.galettinteriors.com\/de\/wp-json\/wp\/v2\/comments?post=481"}],"version-history":[{"count":5,"href":"https:\/\/www.galettinteriors.com\/de\/wp-json\/wp\/v2\/pages\/481\/revisions"}],"predecessor-version":[{"id":1439,"href":"https:\/\/www.galettinteriors.com\/de\/wp-json\/wp\/v2\/pages\/481\/revisions\/1439"}],"wp:attachment":[{"href":"https:\/\/www.galettinteriors.com\/de\/wp-json\/wp\/v2\/media?parent=481"}],"curies":[{"name":"wp","href":"https:\/\/api.w.org\/{rel}","templated":true}]}}