{"id":435,"date":"2015-11-25T16:52:10","date_gmt":"2015-11-25T15:52:10","guid":{"rendered":"http:\/\/www.galettinteriors.com\/de\/?page_id=435"},"modified":"2020-12-30T10:32:00","modified_gmt":"2020-12-30T09:32:00","slug":"negozio-di-arredamento-bolzano-bz-alto-adige","status":"publish","type":"page","link":"https:\/\/www.galettinteriors.com\/de\/negozio-di-arredamento-bolzano-bz-alto-adige","title":{"rendered":"Unsere Geschichte"},"content":{"rendered":"<p><div class=\"fusion-fullwidth fullwidth-box fusion-builder-row-1 nonhundred-percent-fullwidth non-hundred-percent-height-scrolling\" style=\"--awb-border-radius-top-left:0px;--awb-border-radius-top-right:0px;--awb-border-radius-bottom-right:0px;--awb-border-radius-bottom-left:0px;--awb-flex-wrap:wrap;\" ><div class=\"fusion-builder-row fusion-row\"><div class=\"fusion-layout-column fusion_builder_column fusion-builder-column-0 fusion_builder_column_1_3 1_3 fusion-one-third fusion-column-first\" style=\"--awb-bg-size:cover;--awb-margin-bottom:0px;width:30.6666%; margin-right: 4%;\"><div class=\"fusion-column-wrapper fusion-flex-column-wrapper-legacy\"><div class=\"fusion-image-element fusion-image-align-center in-legacy-container\" style=\"text-align:center;--awb-caption-title-font-family:var(--h2_typography-font-family);--awb-caption-title-font-weight:var(--h2_typography-font-weight);--awb-caption-title-font-style:var(--h2_typography-font-style);--awb-caption-title-size:var(--h2_typography-font-size);--awb-caption-title-transform:var(--h2_typography-text-transform);--awb-caption-title-line-height:var(--h2_typography-line-height);--awb-caption-title-letter-spacing:var(--h2_typography-letter-spacing);\"><div class=\"imageframe-align-center\"><span class=\" fusion-imageframe imageframe-none imageframe-1 hover-type-zoomin\"><img decoding=\"async\" width=\"364\" height=\"364\" title=\"storia-galetti-interiors-laives-negozio-arredamenti-bolzano-mobili-divani-merano-camere-da-letto-cucine-moderne-su-misura-salotti-tavoli-bressanone-alto-adige\" src=\"http:\/\/www.galettinteriors.com\/wp-content\/uploads\/storia-galetti-interiors-laives-negozio-arredamenti-bolzano-mobili-divani-merano-camere-da-letto-cucine-moderne-su-misura-salotti-tavoli-bressanone-alto-adige.jpg\" alt class=\"img-responsive wp-image-1381\" srcset=\"https:\/\/www.galettinteriors.com\/wp-content\/uploads\/storia-galetti-interiors-laives-negozio-arredamenti-bolzano-mobili-divani-merano-camere-da-letto-cucine-moderne-su-misura-salotti-tavoli-bressanone-alto-adige-200x200.jpg 200w, https:\/\/www.galettinteriors.com\/wp-content\/uploads\/storia-galetti-interiors-laives-negozio-arredamenti-bolzano-mobili-divani-merano-camere-da-letto-cucine-moderne-su-misura-salotti-tavoli-bressanone-alto-adige.jpg 364w\" sizes=\"(max-width: 800px) 100vw, 364px\" \/><\/span><\/div><\/div><div class=\"fusion-image-element fusion-image-align-center in-legacy-container\" style=\"text-align:center;--awb-caption-title-font-family:var(--h2_typography-font-family);--awb-caption-title-font-weight:var(--h2_typography-font-weight);--awb-caption-title-font-style:var(--h2_typography-font-style);--awb-caption-title-size:var(--h2_typography-font-size);--awb-caption-title-transform:var(--h2_typography-text-transform);--awb-caption-title-line-height:var(--h2_typography-line-height);--awb-caption-title-letter-spacing:var(--h2_typography-letter-spacing);\"><div class=\"imageframe-align-center\"><span class=\" fusion-imageframe imageframe-none imageframe-2 hover-type-zoomin\"><img decoding=\"async\" width=\"364\" height=\"364\" title=\"storia-galetti-interiors-laives-negozio-arredamenti-bolzano-mobili-divani-merano-camere-da-letto-cucine-moderne-su-misura-salotti-tavoli-bressanone-alto-adige2\" src=\"http:\/\/www.galettinteriors.com\/wp-content\/uploads\/storia-galetti-interiors-laives-negozio-arredamenti-bolzano-mobili-divani-merano-camere-da-letto-cucine-moderne-su-misura-salotti-tavoli-bressanone-alto-adige2.jpg\" alt class=\"img-responsive wp-image-1382\" srcset=\"https:\/\/www.galettinteriors.com\/wp-content\/uploads\/storia-galetti-interiors-laives-negozio-arredamenti-bolzano-mobili-divani-merano-camere-da-letto-cucine-moderne-su-misura-salotti-tavoli-bressanone-alto-adige2-200x200.jpg 200w, https:\/\/www.galettinteriors.com\/wp-content\/uploads\/storia-galetti-interiors-laives-negozio-arredamenti-bolzano-mobili-divani-merano-camere-da-letto-cucine-moderne-su-misura-salotti-tavoli-bressanone-alto-adige2.jpg 364w\" sizes=\"(max-width: 800px) 100vw, 364px\" \/><\/span><\/div><\/div><div class=\"fusion-image-element fusion-image-align-center in-legacy-container\" style=\"text-align:center;--awb-caption-title-font-family:var(--h2_typography-font-family);--awb-caption-title-font-weight:var(--h2_typography-font-weight);--awb-caption-title-font-style:var(--h2_typography-font-style);--awb-caption-title-size:var(--h2_typography-font-size);--awb-caption-title-transform:var(--h2_typography-text-transform);--awb-caption-title-line-height:var(--h2_typography-line-height);--awb-caption-title-letter-spacing:var(--h2_typography-letter-spacing);\"><div class=\"imageframe-align-center\"><span class=\" fusion-imageframe imageframe-none imageframe-3 hover-type-zoomin\"><img decoding=\"async\" width=\"364\" height=\"364\" title=\"storia-galetti-interiors-laives-negozio-arredamenti-bolzano-mobili-divani-merano-camere-da-letto-cucine-moderne-su-misura-salotti-tavoli-bressanone-alto-adige3\" src=\"http:\/\/www.galettinteriors.com\/wp-content\/uploads\/storia-galetti-interiors-laives-negozio-arredamenti-bolzano-mobili-divani-merano-camere-da-letto-cucine-moderne-su-misura-salotti-tavoli-bressanone-alto-adige3.jpg\" alt class=\"img-responsive wp-image-1383\" srcset=\"https:\/\/www.galettinteriors.com\/wp-content\/uploads\/storia-galetti-interiors-laives-negozio-arredamenti-bolzano-mobili-divani-merano-camere-da-letto-cucine-moderne-su-misura-salotti-tavoli-bressanone-alto-adige3-200x200.jpg 200w, https:\/\/www.galettinteriors.com\/wp-content\/uploads\/storia-galetti-interiors-laives-negozio-arredamenti-bolzano-mobili-divani-merano-camere-da-letto-cucine-moderne-su-misura-salotti-tavoli-bressanone-alto-adige3.jpg 364w\" sizes=\"(max-width: 800px) 100vw, 364px\" \/><\/span><\/div><\/div><div class=\"fusion-clearfix\"><\/div><\/div><\/div><div class=\"fusion-layout-column fusion_builder_column fusion-builder-column-1 fusion_builder_column_2_3 2_3 fusion-two-third fusion-column-last\" style=\"--awb-bg-size:cover;width:65.3333%;\"><div class=\"fusion-column-wrapper fusion-flex-column-wrapper-legacy\"><div class=\"fusion-text fusion-text-1\"><h1>Die Geschichte der M\u00f6bel in Bozen und S\u00fcdtirol ist auch unsere Geschichte.<\/h1>\n<p>Unsere T\u00e4tigkeit begann 1957, als Mario Galetti in einer kleinen M\u00f6bel- und Tischlerwerkstatt in Leifers mit der ersten Produktion von K\u00fcchen begann.<\/p>\n<p>Nach den ersten Jahren wurde der Werkstatt ein Laden angegliedert, in dem wir unsere M\u00f6bel direkt verkauften.<\/p>\n<p>In den 70er Jahren schloss sich Roberto Galetti seinem Vater an und f\u00fcgte zu den an seiner Seite erlernten Tischlerfertigkeiten das an der Kunstschule erlernte Wissen eines Meisters hinzu.<\/p>\n<p>Ein Wissen, das es ihm erm\u00f6glichte, seinen ausgepr\u00e4gten Sinn f\u00fcr \u00c4sthetik mit einer au\u00dfergew\u00f6hnlichen technischen F\u00e4higkeit zu verbinden.<\/p>\n<p>Im Laufe der Zeit sind wir gewachsen und haben uns nicht nur auf den Verkauf von M\u00f6beln spezialisiert, sondern auch auf das Design von M\u00f6beln nach Ma\u00df, um den Kunden den besten Service zu bieten. In diesen Jahren hat Roberto in seiner Frau Nadia eine wertvolle Unterst\u00fctzung und eine bewundernswerte Zusammenarbeit bei der Leitung des Unternehmens gefunden.<\/p>\n<p>Im Jahr 2000 trat Giorgia, seine j\u00fcngste Tochter, in das Unternehmen ein, spezialisierte sich und erlangte den Titel eines Innenarchitekten.<\/p>\n<p>Auch ihr Mann Patrick ist Teil dieser Realit\u00e4t geworden und tr\u00e4gt mit seiner beachtlichen europ\u00e4ischen Erfahrung als Projektmanager f\u00fcr Inneneinrichtungen, Gesch\u00e4fte, Bars und Hotels bei.<br \/>\nMit dieser neuen Firmenstruktur wenden wir uns auch an Kunden aus S\u00fcdtirol, die lieber Deutsch sprechen: Patrick, ein deutscher Muttersprachler, wird f\u00fcr eine genaue Betreuung sorgen.<\/p>\n<p>Wir sind in der dritten Generation, unser Gesch\u00e4ft hat also eine \u00fcber 60-j\u00e4hrige Geschichte hinter sich, und diese Geschichte ist vor allem die Geschichte unserer Familie, die sich dieser Arbeit immer mit Leidenschaft und Hingabe gewidmet hat.<\/p>\n<p>Es ist ein Wert, der im Laufe der Zeit gewachsen ist und der f\u00fcr uns immer noch einen konkreten Wert darstellt.<\/p>\n<p>Es sind diese Qualit\u00e4ten, die dazu beigetragen haben, dass Galetti Interiors in Bozen und ganz S\u00fcdtirol zu einem bekannten Namen in der Einrichtungsbranche geworden ist.<\/p>\n<p>Galetti Interiors ist auch zu einem vertrauensvollen Partner f\u00fcr viele Unternehmen der Branche geworden, mit denen wir weiterhin eng zusammenarbeiten.<\/p>\n<h2 style=\"text-align: center;\">Die Entwicklung des Galetti-Logos<\/h2>\n<\/div><div class=\"fusion-image-element in-legacy-container\" style=\"--awb-caption-title-font-family:var(--h2_typography-font-family);--awb-caption-title-font-weight:var(--h2_typography-font-weight);--awb-caption-title-font-style:var(--h2_typography-font-style);--awb-caption-title-size:var(--h2_typography-font-size);--awb-caption-title-transform:var(--h2_typography-text-transform);--awb-caption-title-line-height:var(--h2_typography-line-height);--awb-caption-title-letter-spacing:var(--h2_typography-letter-spacing);\"><span class=\" fusion-imageframe imageframe-none imageframe-4 hover-type-none\"><img decoding=\"async\" width=\"711\" height=\"120\" title=\"storia-del-logo-galetti-interiors\" src=\"http:\/\/www.galettinteriors.com\/wp-content\/uploads\/storia-del-logo-galetti-interiors.png\" alt class=\"img-responsive wp-image-1247\"\/><\/span><\/div><div class=\"fusion-clearfix\"><\/div><\/div><\/div><\/div><div class=\"fusion-builder-row fusion-row\"><\/div><\/div><div class=\"fusion-fullwidth fullwidth-box fusion-builder-row-2 nonhundred-percent-fullwidth non-hundred-percent-height-scrolling\" style=\"--awb-border-radius-top-left:0px;--awb-border-radius-top-right:0px;--awb-border-radius-bottom-right:0px;--awb-border-radius-bottom-left:0px;--awb-flex-wrap:wrap;\" ><\/div><div class=\"fusion-fullwidth fullwidth-box fusion-builder-row-3 nonhundred-percent-fullwidth non-hundred-percent-height-scrolling\" style=\"--awb-border-radius-top-left:0px;--awb-border-radius-top-right:0px;--awb-border-radius-bottom-right:0px;--awb-border-radius-bottom-left:0px;--awb-flex-wrap:wrap;\" ><div class=\"fusion-builder-row fusion-row\"><div class=\"fusion-layout-column fusion_builder_column fusion-builder-column-2 fusion_builder_column_1_1 1_1 fusion-one-full fusion-column-first fusion-column-last\" style=\"--awb-bg-size:cover;--awb-margin-bottom:0px;\"><div class=\"fusion-column-wrapper fusion-flex-column-wrapper-legacy\"><div class=\"fusion-text fusion-text-2\"><\/div><div class=\"fusion-clearfix\"><\/div><\/div><\/div><\/div><\/div><\/p>\n","protected":false},"excerpt":{"rendered":"","protected":false},"author":1,"featured_media":0,"parent":0,"menu_order":0,"comment_status":"closed","ping_status":"closed","template":"","meta":{"footnotes":""},"yoast_head":"<!-- This site is optimized with the Yoast SEO plugin v21.2 - https:\/\/yoast.com\/wordpress\/plugins\/seo\/ -->\n<title>Galetti Interiors Laives negozio di arredamento e Design Bolzano Merano Bressanone<\/title>\n<meta name=\"description\" content=\"Galetti \u00e8 il tuo Negozio di arredamento a Bolzano!\" \/>\n<meta name=\"robots\" content=\"index, follow, max-snippet:-1, max-image-preview:large, max-video-preview:-1\" \/>\n<link rel=\"canonical\" href=\"https:\/\/www.galettinteriors.com\/de\/negozio-di-arredamento-bolzano-bz-alto-adige\" \/>\n<meta property=\"og:locale\" content=\"de_DE\" \/>\n<meta property=\"og:type\" content=\"article\" \/>\n<meta property=\"og:title\" content=\"Galetti Interiors Laives negozio di arredamento e Design Bolzano Merano Bressanone\" \/>\n<meta property=\"og:description\" content=\"Galetti \u00e8 il tuo Negozio di arredamento a Bolzano!\" \/>\n<meta property=\"og:url\" content=\"https:\/\/www.galettinteriors.com\/de\/negozio-di-arredamento-bolzano-bz-alto-adige\" \/>\n<meta property=\"og:site_name\" content=\"Galetti arredamenti\" \/>\n<meta property=\"article:modified_time\" content=\"2020-12-30T09:32:00+00:00\" \/>\n<meta name=\"twitter:card\" content=\"summary_large_image\" \/>\n<meta name=\"twitter:label1\" content=\"Gesch\u00e4tzte Lesezeit\" \/>\n\t<meta name=\"twitter:data1\" content=\"5\u00a0Minuten\" \/>\n<script type=\"application\/ld+json\" class=\"yoast-schema-graph\">{\"@context\":\"https:\/\/schema.org\",\"@graph\":[{\"@type\":\"WebPage\",\"@id\":\"https:\/\/www.galettinteriors.com\/de\/negozio-di-arredamento-bolzano-bz-alto-adige\",\"url\":\"https:\/\/www.galettinteriors.com\/de\/negozio-di-arredamento-bolzano-bz-alto-adige\",\"name\":\"Galetti Interiors Laives negozio di arredamento e Design Bolzano Merano Bressanone\",\"isPartOf\":{\"@id\":\"https:\/\/www.galettinteriors.com\/#website\"},\"datePublished\":\"2015-11-25T15:52:10+00:00\",\"dateModified\":\"2020-12-30T09:32:00+00:00\",\"description\":\"Galetti \u00e8 il tuo Negozio di arredamento a Bolzano!\",\"breadcrumb\":{\"@id\":\"https:\/\/www.galettinteriors.com\/de\/negozio-di-arredamento-bolzano-bz-alto-adige#breadcrumb\"},\"inLanguage\":\"de\",\"potentialAction\":[{\"@type\":\"ReadAction\",\"target\":[\"https:\/\/www.galettinteriors.com\/de\/negozio-di-arredamento-bolzano-bz-alto-adige\"]}]},{\"@type\":\"BreadcrumbList\",\"@id\":\"https:\/\/www.galettinteriors.com\/de\/negozio-di-arredamento-bolzano-bz-alto-adige#breadcrumb\",\"itemListElement\":[{\"@type\":\"ListItem\",\"position\":1,\"name\":\"Home\",\"item\":\"https:\/\/www.galettinteriors.com\/de\/home\"},{\"@type\":\"ListItem\",\"position\":2,\"name\":\"Unsere Geschichte\"}]},{\"@type\":\"WebSite\",\"@id\":\"https:\/\/www.galettinteriors.com\/#website\",\"url\":\"https:\/\/www.galettinteriors.com\/\",\"name\":\"Galetti arredamenti\",\"description\":\"\",\"potentialAction\":[{\"@type\":\"SearchAction\",\"target\":{\"@type\":\"EntryPoint\",\"urlTemplate\":\"https:\/\/www.galettinteriors.com\/?s={search_term_string}\"},\"query-input\":\"required name=search_term_string\"}],\"inLanguage\":\"de\"}]}<\/script>\n<!-- \/ Yoast SEO plugin. -->","yoast_head_json":{"title":"Galetti Interiors Laives negozio di arredamento e Design Bolzano Merano Bressanone","description":"Galetti \u00e8 il tuo Negozio di arredamento a Bolzano!","robots":{"index":"index","follow":"follow","max-snippet":"max-snippet:-1","max-image-preview":"max-image-preview:large","max-video-preview":"max-video-preview:-1"},"canonical":"https:\/\/www.galettinteriors.com\/de\/negozio-di-arredamento-bolzano-bz-alto-adige","og_locale":"de_DE","og_type":"article","og_title":"Galetti Interiors Laives negozio di arredamento e Design Bolzano Merano Bressanone","og_description":"Galetti \u00e8 il tuo Negozio di arredamento a Bolzano!","og_url":"https:\/\/www.galettinteriors.com\/de\/negozio-di-arredamento-bolzano-bz-alto-adige","og_site_name":"Galetti arredamenti","article_modified_time":"2020-12-30T09:32:00+00:00","twitter_card":"summary_large_image","twitter_misc":{"Gesch\u00e4tzte Lesezeit":"5\u00a0Minuten"},"schema":{"@context":"https:\/\/schema.org","@graph":[{"@type":"WebPage","@id":"https:\/\/www.galettinteriors.com\/de\/negozio-di-arredamento-bolzano-bz-alto-adige","url":"https:\/\/www.galettinteriors.com\/de\/negozio-di-arredamento-bolzano-bz-alto-adige","name":"Galetti Interiors Laives negozio di arredamento e Design Bolzano Merano Bressanone","isPartOf":{"@id":"https:\/\/www.galettinteriors.com\/#website"},"datePublished":"2015-11-25T15:52:10+00:00","dateModified":"2020-12-30T09:32:00+00:00","description":"Galetti \u00e8 il tuo Negozio di arredamento a Bolzano!","breadcrumb":{"@id":"https:\/\/www.galettinteriors.com\/de\/negozio-di-arredamento-bolzano-bz-alto-adige#breadcrumb"},"inLanguage":"de","potentialAction":[{"@type":"ReadAction","target":["https:\/\/www.galettinteriors.com\/de\/negozio-di-arredamento-bolzano-bz-alto-adige"]}]},{"@type":"BreadcrumbList","@id":"https:\/\/www.galettinteriors.com\/de\/negozio-di-arredamento-bolzano-bz-alto-adige#breadcrumb","itemListElement":[{"@type":"ListItem","position":1,"name":"Home","item":"https:\/\/www.galettinteriors.com\/de\/home"},{"@type":"ListItem","position":2,"name":"Unsere Geschichte"}]},{"@type":"WebSite","@id":"https:\/\/www.galettinteriors.com\/#website","url":"https:\/\/www.galettinteriors.com\/","name":"Galetti arredamenti","description":"","potentialAction":[{"@type":"SearchAction","target":{"@type":"EntryPoint","urlTemplate":"https:\/\/www.galettinteriors.com\/?s={search_term_string}"},"query-input":"required name=search_term_string"}],"inLanguage":"de"}]}},"_links":{"self":[{"href":"https:\/\/www.galettinteriors.com\/de\/wp-json\/wp\/v2\/pages\/435"}],"collection":[{"href":"https:\/\/www.galettinteriors.com\/de\/wp-json\/wp\/v2\/pages"}],"about":[{"href":"https:\/\/www.galettinteriors.com\/de\/wp-json\/wp\/v2\/types\/page"}],"author":[{"embeddable":true,"href":"https:\/\/www.galettinteriors.com\/de\/wp-json\/wp\/v2\/users\/1"}],"replies":[{"embeddable":true,"href":"https:\/\/www.galettinteriors.com\/de\/wp-json\/wp\/v2\/comments?post=435"}],"version-history":[{"count":5,"href":"https:\/\/www.galettinteriors.com\/de\/wp-json\/wp\/v2\/pages\/435\/revisions"}],"predecessor-version":[{"id":1438,"href":"https:\/\/www.galettinteriors.com\/de\/wp-json\/wp\/v2\/pages\/435\/revisions\/1438"}],"wp:attachment":[{"href":"https:\/\/www.galettinteriors.com\/de\/wp-json\/wp\/v2\/media?parent=435"}],"curies":[{"name":"wp","href":"https:\/\/api.w.org\/{rel}","templated":true}]}}